{"id":215,"date":"2021-04-26T15:25:04","date_gmt":"2021-04-26T13:25:04","guid":{"rendered":"https:\/\/www.bckip.com\/?page_id=215"},"modified":"2025-07-21T15:25:26","modified_gmt":"2025-07-21T13:25:26","slug":"imprint","status":"publish","type":"page","link":"https:\/\/www.bckip.com\/en\/imprint\/","title":{"rendered":"Imprint"},"content":{"rendered":"\n\n\t<h1>Site Notice<\/h1>\nBCKIP Choi Ko Patentanw\u00e4lte und European Patent Attorneys Partnerschaft mbB<br \/>\nLandsberger Stra\u00dfe 98<br \/>\n80339 Munich\nRegister of Partnerships: PR 2124<br \/>\nRegistration court: Amtsgericht M\u00fcnchen\n<strong>Exclusive list of our members according to the German Partnership Companies Act (PartGG):<\/strong><br \/>\nJaehyuk Choi<br \/>\nDr. Han Bong Ko\n<h2>Contact<\/h2>\nPhone: +49 89 954 28 78-0<br \/>\nTelefax: +49 89 954 28 78-99<br \/>\nE-mail: info@bckip.com\n<h2>VAT ID<\/h2>\nSales tax identification number according to Sect. 27 a of the Sales Tax Law:<br \/>\nDE338455079\n<h2>Supervisory authority<\/h2>\nAufsichtsbeh\u00f6rde Patentanw\u00e4lte<br \/>\nPatentanwaltskammer M\u00fcnchen<br \/>\nTal 29<br \/>\n80331 M\u00fcnchen\nPhone: +49 (089) 242278-0<br \/>\nFax: +49 (89) 242278-24<br \/>\nE-mail: dpak@patentanwalt.de\n\u200bInstituts der beim EPA zugelassenen Vertreter (epi)<br \/>\nTal 29<br \/>\n80331 M\u00fcnchen\nPhone +49 89 242052-0,<br \/>\nWebsite: <a href=\"https:\/\/www.patentepi.com\" target=\"_blank\" rel=\"noopener\">www.patentepi.com<\/a>\n<h2>Professional regulations<\/h2>\n<p>The following professional regulations apply to German patent attorneys:<\/p>\n<ul>\n<li>Patent Attorneys Act (<a href=\"http:\/\/www.patentanwalt.de\/pa\/anwaltsordnung.html\" target=\"_blank\" rel=\"noopener\">http:\/\/www.patentanwalt.de\/pa\/anwaltsordnung.html<\/a>) und<\/li>\n<li>Professional Code of Conduct for Patent Attorneys (<a href=\"http:\/\/www.patentanwalt.de\/pa\/berufsordnung.html\" target=\"_blank\" rel=\"noopener\">http:\/\/www.patentanwalt.de\/pa\/berufsordnung.html<\/a>).<\/li>\n<\/ul>\n<p>The following professional rules apply to European Patent Attorneys:<\/p>\n<ul>\n<li>Richtlinien des Instituts der beim Europ\u00e4ischen Patentamt zugelassenen Vertreter f\u00fcr die Berufsaus\u00fcbung und Vorschriften des Verwaltungsrats des Europ\u00e4ischen Patentamtes \u00fcber Disziplinarangelegenheiten (<a href=\"http:\/\/www.patentepi.com\/\" target=\"_blank\" rel=\"noopener\">http:\/\/www.patentepi.com\/<\/a>) und<\/li>\n<li>Standesregeln der Internationalen F\u00f6deration von Patentanw\u00e4lten (<a href=\"http:\/\/www.ficpi.org\/\" target=\"_blank\" rel=\"noopener\">http:\/\/www.ficpi.org\/<\/a>)<\/li>\n<\/ul>\n<h2>Information regarding professional liability insurance<\/h2>\n<strong>Name and registered office of the insurer:<\/strong><br \/>\nBayerischer Versicherungsverband Versicherungsaktiengesellschaft<br \/>\nMaximilianstra\u00dfe 53<br \/>\n80530 M\u00fcnchen\n<strong>Scope of insurance:<\/strong><br \/>\nworldwide\n<h2>Person responsible for editorial<\/h2>\n<p>Dr. Han Bong Ko<\/p>\n<h2>Dispute resolution proceedings in front of a consumer arbitration board<\/h2>\n<p>We are not willing or obliged to participate in dispute resolution proceedings in front of a consumer arbitration board.<\/p>\n<h3>Liability for Contents<\/h3>\n<p>As service providers, we are liable for own contents of these websites according to Paragraph 7, Sect. 1 German Telemedia Act (TMG). However, according to Paragraphs 8 to 10 German Telemedia Act (TMG), service providers are not obligated to permanently monitor submitted or stored information or to search for evidences that indicate illegal activities.<\/p>\n<p>Legal obligations to removing information or to blocking the use of information remain unchallenged. In this case, liability is only possible at the time of knowledge about a specific violation of law. Illegal contents will be removed immediately at the time we get knowledge of them.<\/p>\n<h3>Liability for Links<\/h3>\n<p>Our offer includes links to external third-party websites. We have no influence on the contents of those websites, therefore we cannot guarantee for those contents. Providers or administrators of linked websites are always responsible for their own contents.<\/p>\n<p>The linked websites had been checked for possible violations of law at the time of the establishment of the link. Illegal contents were not detected at the time of the linking. A permanent monitoring of the contents of linked websites cannot be imposed without reasonable indications that there has been a violation of law. Illegal links will be removed immediately at the time we get knowledge of them.<\/p>\n<h3>Copyright<\/h3>\nContents and compilations published on these websites by the providers are subject to German copyright laws. Reproduction, editing, distribution as well as the use of any kind outside the scope of the copyright law require a written permission of the author or originator. Downloads and copies of these websites are permitted for private use only.<br \/>\nThe commercial use of our contents without permission of the originator is prohibited.\n<p>Copyright laws of third parties are respected as long as the contents on these websites do not originate from the provider. Contributions of third parties on this site are indicated as such. However, if you notice any violations of copyright law, please inform us. Such contents will be removed immediately.<\/p>\n\n","protected":false},"excerpt":{"rendered":"<p>Site Notice BCKIP Choi Ko Patentanw\u00e4lte und European Patent Attorneys Partnerschaft mbB Landsberger Stra\u00dfe 98 80339 Munich Register of Partnerships: PR 2124 Registration court: Amtsgericht M\u00fcnchen Exclusive list of our members according to the German Partnership Companies Act (PartGG): Jaehyuk Choi Dr. Han Bong Ko Contact Phone: +49 89 954 28 78-0 Telefax: +49 89 &#8230; <a title=\"Imprint\" class=\"read-more\" href=\"https:\/\/www.bckip.com\/en\/imprint\/\" aria-label=\"Read more about Imprint\">Read more<\/a><\/p>\n","protected":false},"author":1,"featured_media":0,"parent":0,"menu_order":990,"comment_status":"closed","ping_status":"closed","template":"","meta":{"footnotes":"","_links_to":"","_links_to_target":""},"class_list":["post-215","page","type-page","status-publish"],"_links":{"self":[{"href":"https:\/\/www.bckip.com\/en\/wp-json\/wp\/v2\/pages\/215","targetHints":{"allow":["GET"]}}],"collection":[{"href":"https:\/\/www.bckip.com\/en\/wp-json\/wp\/v2\/pages"}],"about":[{"href":"https:\/\/www.bckip.com\/en\/wp-json\/wp\/v2\/types\/page"}],"author":[{"embeddable":true,"href":"https:\/\/www.bckip.com\/en\/wp-json\/wp\/v2\/users\/1"}],"replies":[{"embeddable":true,"href":"https:\/\/www.bckip.com\/en\/wp-json\/wp\/v2\/comments?post=215"}],"version-history":[{"count":12,"href":"https:\/\/www.bckip.com\/en\/wp-json\/wp\/v2\/pages\/215\/revisions"}],"predecessor-version":[{"id":1200,"href":"https:\/\/www.bckip.com\/en\/wp-json\/wp\/v2\/pages\/215\/revisions\/1200"}],"wp:attachment":[{"href":"https:\/\/www.bckip.com\/en\/wp-json\/wp\/v2\/media?parent=215"}],"curies":[{"name":"wp","href":"https:\/\/api.w.org\/{rel}","templated":true}]}}