{"id":591,"date":"2021-07-28T09:42:40","date_gmt":"2021-07-28T07:42:40","guid":{"rendered":"https:\/\/www.bckip.com\/?page_id=591"},"modified":"2021-07-28T09:53:34","modified_gmt":"2021-07-28T07:53:34","slug":"test-ma-en","status":"publish","type":"page","link":"https:\/\/www.bckip.com\/en\/team\/test-ma-en\/","title":{"rendered":"Test-MA EN"},"content":{"rendered":"\n\n\t\t\t\t<img loading=\"lazy\" decoding=\"async\" src=\"https:\/\/www.bckip.com\/wp-content\/uploads\/Patentanwalt-Dr-Michael-Braun.jpg\" alt=\"Patentanwalt Dr. Michael Braun\" itemprop=\"image\" height=\"800\" width=\"549\" title=\"Patentanwalt Dr. Michael Braun\" onerror=\"this.style.display='none'\"  \/>\n<h1>\n\t\tDr. Michael Braun\n\t<\/h1>\n<h3>\n\t\tPatentanwalt, Dr. rer. nat., M. Sc.\n\t<\/h3>\n\t<h3>Vita<\/h3>\n<ul>\n<li>2008 Technische Universit\u00e4t M\u00fcnchen: M. Sc. in Chemie mit Auszeichnung<\/li>\n<li>Stipendiat des Fonds der Chemischen Industrie und der \u00c9cole Normale Sup\u00e9rieure de Lyon (Frankreich)<\/li>\n<li>2011 Promotion zum Dr. rer. nat. und Verleihung des Ernst Awards f\u00fcr seine Arbeit zu Kooperativen Pulsen<\/li>\n<li>2011 bis 2020 T\u00e4tigkeit in einer der renommiertesten Patentanwaltskanzleien in Europa<\/li>\n<li>2015 Zulassung als Patentanwalt, European Trademark and Design Attorney und European Patent Attorney<\/li>\n<\/ul>\n\t<h3>T\u00e4tigkeitsschwerpunkte<\/h3>\n<p>Patenterteilungs-, Einspruchs- und Beschwerdeverfahren auf den Gebieten organische, anorganische und technische Chemie, Polymerchemie, Katalyse, Pharmazie, Membran- und Biotechnologie; Designs und Marken<\/p>\n\t<h3>Sprachen<\/h3>\n<p>Deutsch, Englisch, Franz\u00f6sisch<\/p>\n\t\t\t\t<img loading=\"lazy\" decoding=\"async\" src=\"https:\/\/www.bckip.com\/wp-content\/uploads\/BCKIP-Partner.jpg\" alt=\"BCKIP-Partner\" itemprop=\"image\" height=\"495\" width=\"800\" title=\"BCKIP-Partner\" onerror=\"this.style.display='none'\"  \/>\n\t<h2>Wir freuen uns auf Ihre Kontaktaufnahme<\/h2>\n<p>Unser kompetentes Team steht Ihnen mit Rat und Tat zur Seite.<\/p>\n\t\t\t<a href=\"tel:00498995428780\" target=\"_self\" role=\"button\" rel=\"noopener\">\n\t\t\t\t\t\t+49 89 954 28 78-0\n\t\t\t\t\t<\/a>\n\t\t\t<a href=\"mailto:info@bckip.com\" target=\"_self\" role=\"button\" rel=\"noopener\">\n\t\t\t\t\t\tinfo@bckip.com\n\t\t\t\t\t<\/a>\n\n","protected":false},"excerpt":{"rendered":"<p>Dr. Michael Braun Patentanwalt, Dr. rer. nat., M. Sc. Vita 2008 Technische Universit\u00e4t M\u00fcnchen: M. Sc. in Chemie mit Auszeichnung Stipendiat des Fonds der Chemischen Industrie und der \u00c9cole Normale Sup\u00e9rieure de Lyon (Frankreich) 2011 Promotion zum Dr. rer. nat. und Verleihung des Ernst Awards f\u00fcr seine Arbeit zu Kooperativen Pulsen 2011 bis 2020 T\u00e4tigkeit &#8230; <a title=\"Test-MA EN\" class=\"read-more\" href=\"https:\/\/www.bckip.com\/en\/team\/test-ma-en\/\" aria-label=\"Read more about Test-MA EN\">Read more<\/a><\/p>\n","protected":false},"author":2,"featured_media":0,"parent":203,"menu_order":-1,"comment_status":"closed","ping_status":"closed","template":"","meta":{"footnotes":"","_links_to":"","_links_to_target":""},"class_list":["post-591","page","type-page","status-publish"],"_links":{"self":[{"href":"https:\/\/www.bckip.com\/en\/wp-json\/wp\/v2\/pages\/591","targetHints":{"allow":["GET"]}}],"collection":[{"href":"https:\/\/www.bckip.com\/en\/wp-json\/wp\/v2\/pages"}],"about":[{"href":"https:\/\/www.bckip.com\/en\/wp-json\/wp\/v2\/types\/page"}],"author":[{"embeddable":true,"href":"https:\/\/www.bckip.com\/en\/wp-json\/wp\/v2\/users\/2"}],"replies":[{"embeddable":true,"href":"https:\/\/www.bckip.com\/en\/wp-json\/wp\/v2\/comments?post=591"}],"version-history":[{"count":2,"href":"https:\/\/www.bckip.com\/en\/wp-json\/wp\/v2\/pages\/591\/revisions"}],"predecessor-version":[{"id":593,"href":"https:\/\/www.bckip.com\/en\/wp-json\/wp\/v2\/pages\/591\/revisions\/593"}],"up":[{"embeddable":true,"href":"https:\/\/www.bckip.com\/en\/wp-json\/wp\/v2\/pages\/203"}],"wp:attachment":[{"href":"https:\/\/www.bckip.com\/en\/wp-json\/wp\/v2\/media?parent=591"}],"curies":[{"name":"wp","href":"https:\/\/api.w.org\/{rel}","templated":true}]}}